{"id":2334,"date":"2021-05-31T21:55:06","date_gmt":"2021-05-31T19:55:06","guid":{"rendered":"https:\/\/tgz-lahr.de\/actualites\/"},"modified":"2026-03-23T09:57:12","modified_gmt":"2026-03-23T08:57:12","slug":"actualites","status":"publish","type":"page","link":"https:\/\/tgz-lahr.de\/fr\/actualites\/","title":{"rendered":"Infos"},"content":{"rendered":"<div class=\"wpb-content-wrapper\"><p>[vc_row unlock_row_content=\u00a0\u00bbyes\u00a0\u00bb row_height_percent=\u00a0\u00bb0&Prime; override_padding=\u00a0\u00bbyes\u00a0\u00bb h_padding=\u00a0\u00bb0&Prime; top_padding=\u00a0\u00bb0&Prime; bottom_padding=\u00a0\u00bb0&Prime; overlay_alpha=\u00a0\u00bb50&Prime; gutter_size=\u00a0\u00bb3&Prime; column_width_percent=\u00a0\u00bb100&Prime; shift_y=\u00a0\u00bb0&Prime; z_index=\u00a0\u00bb0&Prime;][vc_column width=\u00a0\u00bb1\/1&Prime;][vc_single_image media=\u00a0\u00bb2340&Prime; media_width_percent=\u00a0\u00bb100&Prime; media_ratio=\u00a0\u00bbtwentyone-nine\u00a0\u00bb alignment=\u00a0\u00bbcenter\u00a0\u00bb uncode_shortcode_id=\u00a0\u00bb125689&Prime;][\/vc_column][\/vc_row][vc_row row_height_percent=\u00a0\u00bb0&Prime; override_padding=\u00a0\u00bbyes\u00a0\u00bb h_padding=\u00a0\u00bb2&Prime; top_padding=\u00a0\u00bb4&Prime; bottom_padding=\u00a0\u00bb5&Prime; back_color=\u00a0\u00bbcolor-lxmt\u00a0\u00bb overlay_alpha=\u00a0\u00bb50&Prime; gutter_size=\u00a0\u00bb3&Prime; column_width_percent=\u00a0\u00bb100&Prime; border_color=\u00a0\u00bbcolor-accent-pink\u00a0\u00bb border_style=\u00a0\u00bbsolid\u00a0\u00bb shift_y=\u00a0\u00bb0&Prime; z_index=\u00a0\u00bb0&Prime; css=\u00a0\u00bb.vc_custom_1621400664303{border-bottom-width: 15px !important;}\u00a0\u00bb][vc_column column_width_percent=\u00a0\u00bb100&Prime; position_vertical=\u00a0\u00bbmiddle\u00a0\u00bb align_horizontal=\u00a0\u00bbalign_center\u00a0\u00bb gutter_size=\u00a0\u00bb1&Prime; overlay_alpha=\u00a0\u00bb50&Prime; shift_x=\u00a0\u00bb0&Prime; shift_y=\u00a0\u00bb0&Prime; shift_y_down=\u00a0\u00bb0&Prime; z_index=\u00a0\u00bb0&Prime; medium_width=\u00a0\u00bb0&Prime; mobile_width=\u00a0\u00bb0&Prime; width=\u00a0\u00bb1\/1&Prime;][vc_custom_heading heading_semantic=\u00a0\u00bbp\u00a0\u00bb text_size=\u00a0\u00bbh1&Prime; css_animation=\u00a0\u00bbbottom-t-top\u00a0\u00bb animation_delay=\u00a0\u00bb200&Prime;]Actualit\u00e9s[\/vc_custom_heading][vc_custom_heading text_color=\u00a0\u00bbcolor-accent-pink\u00a0\u00bb heading_semantic=\u00a0\u00bbh1&Prime; text_size=\u00a0\u00bbh3&Prime; sub_lead=\u00a0\u00bbyes\u00a0\u00bb css_animation=\u00a0\u00bbbottom-t-top\u00a0\u00bb animation_delay=\u00a0\u00bb400&Prime; uncode_shortcode_id=\u00a0\u00bb122742&Prime; text_color_type=\u00a0\u00bbuncode-palette\u00a0\u00bb]Informations, nouveaut\u00e9s et aper\u00e7us &#8211; restez inform\u00e9s[\/vc_custom_heading][vc_empty_space empty_h=\u00a0\u00bb2&Prime;][vc_column_text css_animation=\u00a0\u00bbbottom-t-top\u00a0\u00bb animation_delay=\u00a0\u00bb600&Prime; uncode_shortcode_id=\u00a0\u00bb627543&Prime;]<\/p>\n<p data-start=\"242\" data-end=\"493\">Ici, nous vous tenons au courant des derni\u00e8res nouvelles : Qu&rsquo;il s&rsquo;agisse de nouveaux services, de conseils de sant\u00e9 saisonniers, de formations, de changements d&rsquo;horaires de consultation ou de cas particuliers issus de la pratique, vous trouverez sur cette page toutes les nouvelles concernant le Tiergesundheitszentrum Braun. Consultez-le r\u00e9guli\u00e8rement &#8211; cela vaut la peine d&rsquo;\u00eatre inform\u00e9 lorsqu&rsquo;il s&rsquo;agit de la sant\u00e9 de votre animal. <\/p>\n<p>[\/vc_column_text][vc_empty_space empty_h=\u00a0\u00bb3&Prime;][uncode_index el_id=\u00a0\u00bbindex-aktuelles\u00a0\u00bb loop=\u00a0\u00bbsize:All|order_by:date|post_type:post|categories:9|taxonomy_count:10&Prime; style_preset=\u00a0\u00bbmetro\u00a0\u00bb screen_lg=\u00a0\u00bb1000&Prime; screen_md=\u00a0\u00bb600&Prime; screen_sm=\u00a0\u00bb480&Prime; gutter_size=\u00a0\u00bb3&Prime; post_items=\u00a0\u00bbmedia|featured|onpost|original,meta|display-icon,title,text|excerpt|115,spacer|one,link|default|default_size|Mehr Erfahren\u00a0\u00bb infinite=\u00a0\u00bbyes\u00a0\u00bb single_text=\u00a0\u00bblateral\u00a0\u00bb single_width=\u00a0\u00bb12&Prime; single_height=\u00a0\u00bb5&Prime; single_image_size=\u00a0\u00bb6&Prime; single_back_color=\u00a0\u00bbcolor-xsdn\u00a0\u00bb single_shape=\u00a0\u00bbround\u00a0\u00bb radius=\u00a0\u00bbxl\u00a0\u00bb single_overlay_color=\u00a0\u00bbcolor-accent-pink\u00a0\u00bb single_overlay_opacity=\u00a0\u00bb40&Prime; single_overlay_anim=\u00a0\u00bbno\u00a0\u00bb single_text_anim=\u00a0\u00bbno\u00a0\u00bb single_h_align_mobile=\u00a0\u00bbcenter\u00a0\u00bb single_vertical_text=\u00a0\u00bbmiddle\u00a0\u00bb single_padding=\u00a0\u00bb4&Prime; single_title_dimension=\u00a0\u00bbh4&Prime; single_text_lead=\u00a0\u00bbsmall\u00a0\u00bb single_border=\u00a0\u00bbyes\u00a0\u00bb single_css_animation=\u00a0\u00bbbottom-t-top\u00a0\u00bb single_animation_delay=\u00a0\u00bb200&Prime; post_matrix=\u00a0\u00bbmatrix\u00a0\u00bb matrix_amount=\u00a0\u00bb2&Prime; matrix_items=\u00a0\u00bbeyIxX2kiOnsic2luZ2xlX2ltYWdlX3Bvc2l0aW9uIjoicmlnaHQiLCJzaW5nbGVfaF9hbGlnbiI6InJpZ2h0In19&Prime;][\/vc_column][\/vc_row]<\/p>\n<\/div>","protected":false},"excerpt":{"rendered":"<p>[vc_row unlock_row_content=\u00a0\u00bbyes\u00a0\u00bb row_height_percent=\u00a0\u00bb0&Prime; override_padding=\u00a0\u00bbyes\u00a0\u00bb h_padding=\u00a0\u00bb0&Prime; top_padding=\u00a0\u00bb0&Prime; bottom_padding=\u00a0\u00bb0&Prime; overlay_alpha=\u00a0\u00bb50&Prime; gutter_size=\u00a0\u00bb3&Prime; column_width_percent=\u00a0\u00bb100&Prime; shift_y=\u00a0\u00bb0&Prime; z_index=\u00a0\u00bb0&Prime;][vc_column width=\u00a0\u00bb1\/1&Prime;][vc_single_image media=\u00a0\u00bb2340&Prime; media_width_percent=\u00a0\u00bb100&Prime; media_ratio=\u00a0\u00bbtwentyone-nine\u00a0\u00bb alignment=\u00a0\u00bbcenter\u00a0\u00bb uncode_shortcode_id=\u00a0\u00bb125689&Prime;][\/vc_column][\/vc_row][vc_row row_height_percent=\u00a0\u00bb0&Prime; override_padding=\u00a0\u00bbyes\u00a0\u00bb [&hellip;]<\/p>\n","protected":false},"author":2,"featured_media":0,"parent":0,"menu_order":0,"comment_status":"closed","ping_status":"closed","template":"","meta":{"footnotes":""},"class_list":["post-2334","page","type-page","status-publish","hentry"],"yoast_head":"<!-- This site is optimized with the Yoast SEO plugin v27.5 - https:\/\/yoast.com\/product\/yoast-seo-wordpress\/ -->\n<title>Infos - Tiergesundheitszentrum Braun in Lahr<\/title>\n<meta name=\"description\" content=\"Vous pouvez obtenir ici du mat\u00e9riel d&#039;information sur des sujets d&#039;actualit\u00e9 dans le domaine de la m\u00e9decine v\u00e9t\u00e9rinaire.\" \/>\n<meta name=\"robots\" content=\"index, follow, max-snippet:-1, max-image-preview:large, max-video-preview:-1\" \/>\n<link rel=\"canonical\" href=\"https:\/\/tgz-lahr.de\/fr\/actualites\/\" \/>\n<meta property=\"og:locale\" content=\"fr_FR\" \/>\n<meta property=\"og:type\" content=\"article\" \/>\n<meta property=\"og:title\" content=\"Infos - Tiergesundheitszentrum Braun in Lahr\" \/>\n<meta property=\"og:description\" content=\"Vous pouvez obtenir ici du mat\u00e9riel d&#039;information sur des sujets d&#039;actualit\u00e9 dans le domaine de la m\u00e9decine v\u00e9t\u00e9rinaire.\" \/>\n<meta property=\"og:url\" content=\"https:\/\/tgz-lahr.de\/fr\/actualites\/\" \/>\n<meta property=\"og:site_name\" content=\"Tiergesundheitszentrum Braun in Lahr\" \/>\n<meta property=\"article:modified_time\" content=\"2026-03-23T08:57:12+00:00\" \/>\n<meta name=\"twitter:card\" content=\"summary_large_image\" \/>\n<meta name=\"twitter:label1\" content=\"Dur\u00e9e de lecture estim\u00e9e\" \/>\n\t<meta name=\"twitter:data1\" content=\"2 minutes\" \/>\n<script type=\"application\/ld+json\" class=\"yoast-schema-graph\">{\"@context\":\"https:\\\/\\\/schema.org\",\"@graph\":[{\"@type\":\"WebPage\",\"@id\":\"https:\\\/\\\/tgz-lahr.de\\\/fr\\\/actualites\\\/\",\"url\":\"https:\\\/\\\/tgz-lahr.de\\\/fr\\\/actualites\\\/\",\"name\":\"Infos - Tiergesundheitszentrum Braun in Lahr\",\"isPartOf\":{\"@id\":\"https:\\\/\\\/tgz-lahr.de\\\/#website\"},\"datePublished\":\"2021-05-31T19:55:06+00:00\",\"dateModified\":\"2026-03-23T08:57:12+00:00\",\"description\":\"Vous pouvez obtenir ici du mat\u00e9riel d'information sur des sujets d'actualit\u00e9 dans le domaine de la m\u00e9decine v\u00e9t\u00e9rinaire.\",\"breadcrumb\":{\"@id\":\"https:\\\/\\\/tgz-lahr.de\\\/fr\\\/actualites\\\/#breadcrumb\"},\"inLanguage\":\"fr-FR\",\"potentialAction\":[{\"@type\":\"ReadAction\",\"target\":[\"https:\\\/\\\/tgz-lahr.de\\\/fr\\\/actualites\\\/\"]}]},{\"@type\":\"BreadcrumbList\",\"@id\":\"https:\\\/\\\/tgz-lahr.de\\\/fr\\\/actualites\\\/#breadcrumb\",\"itemListElement\":[{\"@type\":\"ListItem\",\"position\":1,\"name\":\"Startseite\",\"item\":\"https:\\\/\\\/tgz-lahr.de\\\/fr\\\/\"},{\"@type\":\"ListItem\",\"position\":2,\"name\":\"Infos\"}]},{\"@type\":\"WebSite\",\"@id\":\"https:\\\/\\\/tgz-lahr.de\\\/#website\",\"url\":\"https:\\\/\\\/tgz-lahr.de\\\/\",\"name\":\"Tiergesundheitszentrum Braun in Lahr\",\"description\":\"\",\"potentialAction\":[{\"@type\":\"SearchAction\",\"target\":{\"@type\":\"EntryPoint\",\"urlTemplate\":\"https:\\\/\\\/tgz-lahr.de\\\/?s={search_term_string}\"},\"query-input\":{\"@type\":\"PropertyValueSpecification\",\"valueRequired\":true,\"valueName\":\"search_term_string\"}}],\"inLanguage\":\"fr-FR\"}]}<\/script>\n<!-- \/ Yoast SEO plugin. -->","yoast_head_json":{"title":"Infos - Tiergesundheitszentrum Braun in Lahr","description":"Vous pouvez obtenir ici du mat\u00e9riel d'information sur des sujets d'actualit\u00e9 dans le domaine de la m\u00e9decine v\u00e9t\u00e9rinaire.","robots":{"index":"index","follow":"follow","max-snippet":"max-snippet:-1","max-image-preview":"max-image-preview:large","max-video-preview":"max-video-preview:-1"},"canonical":"https:\/\/tgz-lahr.de\/fr\/actualites\/","og_locale":"fr_FR","og_type":"article","og_title":"Infos - Tiergesundheitszentrum Braun in Lahr","og_description":"Vous pouvez obtenir ici du mat\u00e9riel d'information sur des sujets d'actualit\u00e9 dans le domaine de la m\u00e9decine v\u00e9t\u00e9rinaire.","og_url":"https:\/\/tgz-lahr.de\/fr\/actualites\/","og_site_name":"Tiergesundheitszentrum Braun in Lahr","article_modified_time":"2026-03-23T08:57:12+00:00","twitter_card":"summary_large_image","twitter_misc":{"Dur\u00e9e de lecture estim\u00e9e":"2 minutes"},"schema":{"@context":"https:\/\/schema.org","@graph":[{"@type":"WebPage","@id":"https:\/\/tgz-lahr.de\/fr\/actualites\/","url":"https:\/\/tgz-lahr.de\/fr\/actualites\/","name":"Infos - Tiergesundheitszentrum Braun in Lahr","isPartOf":{"@id":"https:\/\/tgz-lahr.de\/#website"},"datePublished":"2021-05-31T19:55:06+00:00","dateModified":"2026-03-23T08:57:12+00:00","description":"Vous pouvez obtenir ici du mat\u00e9riel d'information sur des sujets d'actualit\u00e9 dans le domaine de la m\u00e9decine v\u00e9t\u00e9rinaire.","breadcrumb":{"@id":"https:\/\/tgz-lahr.de\/fr\/actualites\/#breadcrumb"},"inLanguage":"fr-FR","potentialAction":[{"@type":"ReadAction","target":["https:\/\/tgz-lahr.de\/fr\/actualites\/"]}]},{"@type":"BreadcrumbList","@id":"https:\/\/tgz-lahr.de\/fr\/actualites\/#breadcrumb","itemListElement":[{"@type":"ListItem","position":1,"name":"Startseite","item":"https:\/\/tgz-lahr.de\/fr\/"},{"@type":"ListItem","position":2,"name":"Infos"}]},{"@type":"WebSite","@id":"https:\/\/tgz-lahr.de\/#website","url":"https:\/\/tgz-lahr.de\/","name":"Tiergesundheitszentrum Braun in Lahr","description":"","potentialAction":[{"@type":"SearchAction","target":{"@type":"EntryPoint","urlTemplate":"https:\/\/tgz-lahr.de\/?s={search_term_string}"},"query-input":{"@type":"PropertyValueSpecification","valueRequired":true,"valueName":"search_term_string"}}],"inLanguage":"fr-FR"}]}},"_links":{"self":[{"href":"https:\/\/tgz-lahr.de\/fr\/wp-json\/wp\/v2\/pages\/2334","targetHints":{"allow":["GET"]}}],"collection":[{"href":"https:\/\/tgz-lahr.de\/fr\/wp-json\/wp\/v2\/pages"}],"about":[{"href":"https:\/\/tgz-lahr.de\/fr\/wp-json\/wp\/v2\/types\/page"}],"author":[{"embeddable":true,"href":"https:\/\/tgz-lahr.de\/fr\/wp-json\/wp\/v2\/users\/2"}],"replies":[{"embeddable":true,"href":"https:\/\/tgz-lahr.de\/fr\/wp-json\/wp\/v2\/comments?post=2334"}],"version-history":[{"count":11,"href":"https:\/\/tgz-lahr.de\/fr\/wp-json\/wp\/v2\/pages\/2334\/revisions"}],"predecessor-version":[{"id":2995,"href":"https:\/\/tgz-lahr.de\/fr\/wp-json\/wp\/v2\/pages\/2334\/revisions\/2995"}],"wp:attachment":[{"href":"https:\/\/tgz-lahr.de\/fr\/wp-json\/wp\/v2\/media?parent=2334"}],"curies":[{"name":"wp","href":"https:\/\/api.w.org\/{rel}","templated":true}]}}