{"id":2350,"date":"2017-06-12T10:12:22","date_gmt":"2017-06-12T08:12:22","guid":{"rendered":"https:\/\/tgz-lahr.de\/mentions-legales\/"},"modified":"2025-11-19T12:10:41","modified_gmt":"2025-11-19T11:10:41","slug":"mentions-legales","status":"publish","type":"page","link":"https:\/\/tgz-lahr.de\/fr\/mentions-legales\/","title":{"rendered":"Mentions l\u00e9gales"},"content":{"rendered":"<div class=\"wpb-content-wrapper\"><p>[vc_row unlock_row_content=\u00a0\u00bbyes\u00a0\u00bb row_height_percent=\u00a0\u00bb0&Prime; override_padding=\u00a0\u00bbyes\u00a0\u00bb h_padding=\u00a0\u00bb0&Prime; top_padding=\u00a0\u00bb0&Prime; bottom_padding=\u00a0\u00bb0&Prime; overlay_alpha=\u00a0\u00bb50&Prime; gutter_size=\u00a0\u00bb3&Prime; column_width_percent=\u00a0\u00bb100&Prime; shift_y=\u00a0\u00bb0&Prime; z_index=\u00a0\u00bb0&Prime;][vc_column width=\u00a0\u00bb1\/1&Prime;][vc_single_image media=\u00a0\u00bb2352&Prime; media_width_percent=\u00a0\u00bb100&Prime; media_ratio=\u00a0\u00bbtwentyone-nine\u00a0\u00bb alignment=\u00a0\u00bbcenter\u00a0\u00bb uncode_shortcode_id=\u00a0\u00bb214067&Prime;][\/vc_column][\/vc_row][vc_row][vc_column][vc_column_text uncode_shortcode_id=\u00a0\u00bb360711&Prime;]<b><span data-contrast=\"auto\">Mentions l\u00e9gales<\/span><\/b><span data-ccp-props=\"{}\"> <\/span><\/p>\n<p><b><span data-contrast=\"auto\">Informations conformes aux mentions l\u00e9gales :<\/span><\/b><span data-ccp-props=\"{}\"> <\/span><\/p>\n<p><span data-contrast=\"auto\">Centre de sant\u00e9 animale Braun in Lahr GmbH<\/span><br \/>\n<span data-contrast=\"auto\">1, rue Johann Sebastian Bach<\/span><br \/>\n<span data-contrast=\"auto\">77933 Lahr<\/span><br \/>\n<span data-contrast=\"auto\">Allemagne<\/span><span data-ccp-props=\"{}\"> <\/span><\/p>\n<p><b><span data-contrast=\"auto\">Repr\u00e9sent\u00e9 par :<\/span><\/b><span data-ccp-props=\"{}\"> <\/span><\/p>\n<p><span data-contrast=\"auto\">Directeur g\u00e9n\u00e9ral Roman Braun<\/span><span data-ccp-props=\"{}\"> <\/span><\/p>\n<p><b><span data-contrast=\"auto\">Contact :<\/span><\/b><span data-ccp-props=\"{}\"> <\/span><\/p>\n<p><span data-contrast=\"auto\">T\u00e9l. : 07821-92069-0<\/span><br \/>\n<span data-contrast=\"auto\">T\u00e9l\u00e9copieur : 07821-92069-29<\/span><br \/>\n<span data-contrast=\"auto\">Courrier \u00e9lectronique :<\/span><a href=\"mailto:info@tgz-lahr.de\"><span data-contrast=\"none\">info@tgz-lahr.de<\/span><\/a><span data-ccp-props=\"{}\"> <\/span><\/p>\n<p><b><span data-contrast=\"auto\">TVA :<\/span><\/b><span data-ccp-props=\"{}\"> <\/span><\/p>\n<p><span data-contrast=\"auto\">Num\u00e9ro d&rsquo;identification de la taxe sur le chiffre d&rsquo;affaires conform\u00e9ment au \u00a727 a de la loi sur la taxe sur le chiffre d&rsquo;affaires : DE 263061193<\/span><span data-ccp-props=\"{}\"> <\/span><\/p>\n<p><b><span data-contrast=\"auto\">Titre et r\u00e9glementation de la profession<\/span><\/b><span data-ccp-props=\"{}\"> <\/span><\/p>\n<p><span data-contrast=\"auto\">Titre professionnel : V\u00e9t\u00e9rinaire (d\u00e9livr\u00e9 en R\u00e9publique f\u00e9d\u00e9rale d&rsquo;Allemagne)<\/span><span data-ccp-props=\"{\"335551550\":6,\"335551620\":6}\"> <\/span><\/p>\n<p><span data-contrast=\"auto\">Chambre comp\u00e9tente : Landestier\u00e4rztekammer Baden-W\u00fcrttemberg, Am Kr\u00e4henwald 219, 70193 Stuttgart<\/span><span data-ccp-props=\"{\"335551550\":6,\"335551620\":6}\"> <\/span><\/p>\n<p><span data-contrast=\"auto\">D\u00e9cern\u00e9 par : Chambre des v\u00e9t\u00e9rinaires du Bade-Wurtemberg<\/span><span data-ccp-props=\"{\"335551550\":6,\"335551620\":6}\"> <\/span><\/p>\n<p><span data-contrast=\"auto\">Le code de d\u00e9ontologie de la chambre des v\u00e9t\u00e9rinaires du Bade-Wurtemberg s&rsquo;applique et peut \u00eatre consult\u00e9 \u00e0 l&rsquo;adresse suivante :<\/span><a href=\"http:\/\/www.ltk-bw.de\/\"><span data-contrast=\"none\">www.ltk-bw.de<\/span><\/a><span data-contrast=\"auto\">ainsi que le tarif des honoraires des v\u00e9t\u00e9rinaires (<\/span><a href=\"https:\/\/www.bundestieraerztekammer.de\/tieraerzte\/beruf\/got\/\"><span data-contrast=\"none\">GOT<\/span><\/a><span data-contrast=\"auto\">)<\/span><span data-ccp-props=\"{\"335551550\":6,\"335551620\":6}\"> <\/span><\/p>\n<p><b><span data-contrast=\"auto\">Informations sur l&rsquo;assurance responsabilit\u00e9 civile professionnelle<\/span><\/b><span data-ccp-props=\"{}\"> <\/span><\/p>\n<p><b><span data-contrast=\"auto\">Nom et si\u00e8ge de l&rsquo;assureur :<\/span><\/b><span data-ccp-props=\"{}\"> <\/span><\/p>\n<p><span data-contrast=\"auto\">Versicherungskammer Bayern \/ Association bavaroise d&rsquo;assurance<\/span><span data-ccp-props=\"{}\"> <\/span><\/p>\n<p><span data-contrast=\"auto\">Warngauerstr.30<\/span><span data-ccp-props=\"{}\"> <\/span><\/p>\n<p><span data-contrast=\"auto\">81539 Munich<\/span><span data-ccp-props=\"{}\"> <\/span><\/p>\n<p><b><span data-contrast=\"auto\">Champ d&rsquo;application de l&rsquo;assurance :<\/span><\/b><br \/>\n<span data-contrast=\"auto\">R\u00e9publique f\u00e9d\u00e9rale d&rsquo;Allemagne<\/span><span data-ccp-props=\"{}\"> <\/span><\/p>\n<p><b><span data-contrast=\"auto\">Concept Internet &amp; mise en \u0153uvre :<\/span><\/b><span data-ccp-props=\"{}\"> <\/span><\/p>\n<p><a href=\"https:\/\/www.leineglueck.de\/\"><span data-contrast=\"none\">Marketing en ligne LeineGl\u00fcck<\/span><\/a><span data-contrast=\"auto\">,<\/span><a href=\"https:\/\/www.leineglueck.de\/\"><span data-contrast=\"none\">Conception de sites Web \u00e0 Hanovre,<\/span><\/a><span data-contrast=\"auto\"><a href=\"https:\/\/www.tvd-finanz.de\/\"><span data-contrast=\"none\">TVD &#8211; Partenaire pour les v\u00e9t\u00e9rinaires<\/span><\/a><\/span><span data-ccp-props=\"{}\"> <\/span><\/p>\n<p><b><span data-contrast=\"auto\">Source des images utilis\u00e9es :<\/span><\/b><span data-ccp-props=\"{}\"> <\/span><\/p>\n<p><span data-contrast=\"auto\">Photographie \u00a9funsolutionS &#8211; marketing &amp; medien GmbH<\/span><span data-ccp-props=\"{}\"> <\/span><\/p>\n<p><b><span data-contrast=\"auto\">R\u00e8glement des litiges de consommation\/organe universel de conciliation<\/span><\/b><span data-ccp-props=\"{}\"> <\/span><\/p>\n<p><span data-contrast=\"auto\">Nous ne sommes pas pr\u00eats ou oblig\u00e9s de participer \u00e0 des proc\u00e9dures de r\u00e8glement des litiges devant un organisme de conciliation des consommateurs.<\/span><span data-ccp-props=\"{\"335551550\":6,\"335551620\":6}\"> <\/span><\/p>\n<p><b><span data-contrast=\"auto\">Responsabilit\u00e9 du contenu<\/span><\/b><span data-ccp-props=\"{}\"> <\/span><\/p>\n<p><span data-contrast=\"auto\">En tant que prestataire de services, nous sommes responsables de nos propres contenus sur ces pages conform\u00e9ment \u00e0 l&rsquo;obligation de publication des mentions l\u00e9gales. En tant que prestataire de services, nous ne sommes toutefois pas tenus de surveiller les informations externes transmises ou enregistr\u00e9es ou de rechercher des circonstances indiquant une activit\u00e9 ill\u00e9gale. <\/span><span data-ccp-props=\"{\"335551550\":6,\"335551620\":6}\"> <\/span><\/p>\n<p><span data-contrast=\"auto\">L&rsquo;obligation de supprimer ou de bloquer l&rsquo;utilisation d&rsquo;informations conform\u00e9ment aux lois g\u00e9n\u00e9rales n&rsquo;est pas affect\u00e9e par cette disposition. Une responsabilit\u00e9 \u00e0 cet \u00e9gard n&rsquo;est toutefois possible qu&rsquo;\u00e0 partir du moment o\u00f9 une violation concr\u00e8te de la loi est connue. D\u00e8s la prise de connaissance d&rsquo;une telle violation, nous supprimerons imm\u00e9diatement le contenu en question.  <\/span><span data-ccp-props=\"{\"335551550\":6,\"335551620\":6}\"> <\/span><\/p>\n<p><b><span data-contrast=\"auto\">Responsabilit\u00e9 des liens<\/span><\/b><span data-ccp-props=\"{}\"> <\/span><\/p>\n<p><span data-contrast=\"auto\">Notre offre contient des liens vers des sites Web externes de tiers, sur lesquels nous n&rsquo;avons aucune influence. Nous ne pouvons donc pas nous porter garants de ces contenus externes. Le fournisseur ou l&rsquo;exploitant des pages li\u00e9es est toujours responsable du contenu de ces pages. Les pages li\u00e9es ont \u00e9t\u00e9 v\u00e9rifi\u00e9es au moment de la cr\u00e9ation du lien afin de s&rsquo;assurer qu&rsquo;elles n&rsquo;enfreignaient pas la loi. Aucun contenu ill\u00e9gal n&rsquo;a \u00e9t\u00e9 identifi\u00e9 au moment de la cr\u00e9ation des liens.    <\/span><span data-ccp-props=\"{\"335551550\":6,\"335551620\":6}\"> <\/span><\/p>\n<p><span data-contrast=\"auto\">Un contr\u00f4le permanent du contenu des pages li\u00e9es n&rsquo;est cependant pas exigible sans indices concrets d&rsquo;une violation de la loi. Si nous prenons connaissance d&rsquo;une violation de la loi, nous supprimerons imm\u00e9diatement les liens concern\u00e9s. <\/span><span data-ccp-props=\"{\"335551550\":6,\"335551620\":6}\"> <\/span><\/p>\n<p><b><span data-contrast=\"auto\">Droit d&rsquo;auteur<\/span><\/b><span data-ccp-props=\"{}\"> <\/span><\/p>\n<p><span data-contrast=\"auto\">Les contenus et \u0153uvres cr\u00e9\u00e9s par les exploitants de ces pages sont soumis au droit d&rsquo;auteur allemand. La reproduction, le traitement, la diffusion et tout type d&rsquo;exploitation en dehors des limites du droit d&rsquo;auteur requi\u00e8rent l&rsquo;accord \u00e9crit de l&rsquo;auteur ou du cr\u00e9ateur concern\u00e9. Les t\u00e9l\u00e9chargements et les copies de ce site ne sont autoris\u00e9s que pour un usage priv\u00e9 et non commercial.  <\/span><span data-ccp-props=\"{\"335551550\":6,\"335551620\":6}\"> <\/span><\/p>\n<p><span data-contrast=\"auto\">Dans la mesure o\u00f9 les contenus de ce site n&rsquo;ont pas \u00e9t\u00e9 cr\u00e9\u00e9s par l&rsquo;exploitant, les droits d&rsquo;auteur de tiers sont respect\u00e9s. En particulier, les contenus de tiers sont identifi\u00e9s comme tels. Si vous constatez n\u00e9anmoins une violation des droits d&rsquo;auteur, nous vous prions de nous en informer. D\u00e8s que nous aurons connaissance d&rsquo;une violation de la loi, nous supprimerons imm\u00e9diatement le contenu en question.   <\/span><span data-ccp-props=\"{\"335551550\":6,\"335551620\":6}\"> <\/span>[\/vc_column_text][\/vc_column][\/vc_row]<\/p>\n<\/div>","protected":false},"excerpt":{"rendered":"<p>[vc_row unlock_row_content=\u00a0\u00bbyes\u00a0\u00bb row_height_percent=\u00a0\u00bb0&Prime; override_padding=\u00a0\u00bbyes\u00a0\u00bb h_padding=\u00a0\u00bb0&Prime; top_padding=\u00a0\u00bb0&Prime; bottom_padding=\u00a0\u00bb0&Prime; overlay_alpha=\u00a0\u00bb50&Prime; gutter_size=\u00a0\u00bb3&Prime; column_width_percent=\u00a0\u00bb100&Prime; shift_y=\u00a0\u00bb0&Prime; z_index=\u00a0\u00bb0&Prime;][vc_column width=\u00a0\u00bb1\/1&Prime;][vc_single_image media=\u00a0\u00bb2352&Prime; media_width_percent=\u00a0\u00bb100&Prime; media_ratio=\u00a0\u00bbtwentyone-nine\u00a0\u00bb alignment=\u00a0\u00bbcenter\u00a0\u00bb uncode_shortcode_id=\u00a0\u00bb214067&Prime;][\/vc_column][\/vc_row][vc_row][vc_column][vc_column_text uncode_shortcode_id=\u00a0\u00bb360711&Prime;]Mentions l\u00e9gales [&hellip;]<\/p>\n","protected":false},"author":1,"featured_media":0,"parent":0,"menu_order":0,"comment_status":"closed","ping_status":"closed","template":"","meta":{"footnotes":""},"class_list":["post-2350","page","type-page","status-publish","hentry"],"yoast_head":"<!-- This site is optimized with the Yoast SEO plugin v27.5 - https:\/\/yoast.com\/product\/yoast-seo-wordpress\/ -->\n<title>Mentions l\u00e9gales - Tiergesundheitszentrum Braun in Lahr<\/title>\n<meta name=\"robots\" content=\"index, follow, max-snippet:-1, max-image-preview:large, max-video-preview:-1\" \/>\n<link rel=\"canonical\" href=\"https:\/\/tgz-lahr.de\/fr\/mentions-legales\/\" \/>\n<meta property=\"og:locale\" content=\"fr_FR\" \/>\n<meta property=\"og:type\" content=\"article\" \/>\n<meta property=\"og:title\" content=\"Mentions l\u00e9gales - Tiergesundheitszentrum Braun in Lahr\" \/>\n<meta property=\"og:description\" content=\"[vc_row unlock_row_content=\u00a0\u00bbyes\u00a0\u00bb row_height_percent=\u00a0\u00bb0&Prime; override_padding=\u00a0\u00bbyes\u00a0\u00bb h_padding=\u00a0\u00bb0&Prime; top_padding=\u00a0\u00bb0&Prime; bottom_padding=\u00a0\u00bb0&Prime; overlay_alpha=\u00a0\u00bb50&Prime; gutter_size=\u00a0\u00bb3&Prime; column_width_percent=\u00a0\u00bb100&Prime; shift_y=\u00a0\u00bb0&Prime; z_index=\u00a0\u00bb0&Prime;][vc_column width=\u00a0\u00bb1\/1&Prime;][vc_single_image media=\u00a0\u00bb2352&Prime; media_width_percent=\u00a0\u00bb100&Prime; media_ratio=\u00a0\u00bbtwentyone-nine\u00a0\u00bb alignment=\u00a0\u00bbcenter\u00a0\u00bb uncode_shortcode_id=\u00a0\u00bb214067&Prime;][\/vc_column][\/vc_row][vc_row][vc_column][vc_column_text uncode_shortcode_id=\u00a0\u00bb360711&Prime;]Mentions l\u00e9gales [&hellip;]\" \/>\n<meta property=\"og:url\" content=\"https:\/\/tgz-lahr.de\/fr\/mentions-legales\/\" \/>\n<meta property=\"og:site_name\" content=\"Tiergesundheitszentrum Braun in Lahr\" \/>\n<meta property=\"article:modified_time\" content=\"2025-11-19T11:10:41+00:00\" \/>\n<meta name=\"twitter:card\" content=\"summary_large_image\" \/>\n<meta name=\"twitter:label1\" content=\"Dur\u00e9e de lecture estim\u00e9e\" \/>\n\t<meta name=\"twitter:data1\" content=\"4 minutes\" \/>\n<script type=\"application\/ld+json\" class=\"yoast-schema-graph\">{\"@context\":\"https:\\\/\\\/schema.org\",\"@graph\":[{\"@type\":\"WebPage\",\"@id\":\"https:\\\/\\\/tgz-lahr.de\\\/fr\\\/mentions-legales\\\/\",\"url\":\"https:\\\/\\\/tgz-lahr.de\\\/fr\\\/mentions-legales\\\/\",\"name\":\"Mentions l\u00e9gales - Tiergesundheitszentrum Braun in Lahr\",\"isPartOf\":{\"@id\":\"https:\\\/\\\/tgz-lahr.de\\\/#website\"},\"datePublished\":\"2017-06-12T08:12:22+00:00\",\"dateModified\":\"2025-11-19T11:10:41+00:00\",\"breadcrumb\":{\"@id\":\"https:\\\/\\\/tgz-lahr.de\\\/fr\\\/mentions-legales\\\/#breadcrumb\"},\"inLanguage\":\"fr-FR\",\"potentialAction\":[{\"@type\":\"ReadAction\",\"target\":[\"https:\\\/\\\/tgz-lahr.de\\\/fr\\\/mentions-legales\\\/\"]}]},{\"@type\":\"BreadcrumbList\",\"@id\":\"https:\\\/\\\/tgz-lahr.de\\\/fr\\\/mentions-legales\\\/#breadcrumb\",\"itemListElement\":[{\"@type\":\"ListItem\",\"position\":1,\"name\":\"Startseite\",\"item\":\"https:\\\/\\\/tgz-lahr.de\\\/fr\\\/\"},{\"@type\":\"ListItem\",\"position\":2,\"name\":\"Mentions l\u00e9gales\"}]},{\"@type\":\"WebSite\",\"@id\":\"https:\\\/\\\/tgz-lahr.de\\\/#website\",\"url\":\"https:\\\/\\\/tgz-lahr.de\\\/\",\"name\":\"Tiergesundheitszentrum Braun in Lahr\",\"description\":\"\",\"potentialAction\":[{\"@type\":\"SearchAction\",\"target\":{\"@type\":\"EntryPoint\",\"urlTemplate\":\"https:\\\/\\\/tgz-lahr.de\\\/?s={search_term_string}\"},\"query-input\":{\"@type\":\"PropertyValueSpecification\",\"valueRequired\":true,\"valueName\":\"search_term_string\"}}],\"inLanguage\":\"fr-FR\"}]}<\/script>\n<!-- \/ Yoast SEO plugin. -->","yoast_head_json":{"title":"Mentions l\u00e9gales - Tiergesundheitszentrum Braun in Lahr","robots":{"index":"index","follow":"follow","max-snippet":"max-snippet:-1","max-image-preview":"max-image-preview:large","max-video-preview":"max-video-preview:-1"},"canonical":"https:\/\/tgz-lahr.de\/fr\/mentions-legales\/","og_locale":"fr_FR","og_type":"article","og_title":"Mentions l\u00e9gales - Tiergesundheitszentrum Braun in Lahr","og_description":"[vc_row unlock_row_content=\u00a0\u00bbyes\u00a0\u00bb row_height_percent=\u00a0\u00bb0&Prime; override_padding=\u00a0\u00bbyes\u00a0\u00bb h_padding=\u00a0\u00bb0&Prime; top_padding=\u00a0\u00bb0&Prime; bottom_padding=\u00a0\u00bb0&Prime; overlay_alpha=\u00a0\u00bb50&Prime; gutter_size=\u00a0\u00bb3&Prime; column_width_percent=\u00a0\u00bb100&Prime; shift_y=\u00a0\u00bb0&Prime; z_index=\u00a0\u00bb0&Prime;][vc_column width=\u00a0\u00bb1\/1&Prime;][vc_single_image media=\u00a0\u00bb2352&Prime; media_width_percent=\u00a0\u00bb100&Prime; media_ratio=\u00a0\u00bbtwentyone-nine\u00a0\u00bb alignment=\u00a0\u00bbcenter\u00a0\u00bb uncode_shortcode_id=\u00a0\u00bb214067&Prime;][\/vc_column][\/vc_row][vc_row][vc_column][vc_column_text uncode_shortcode_id=\u00a0\u00bb360711&Prime;]Mentions l\u00e9gales [&hellip;]","og_url":"https:\/\/tgz-lahr.de\/fr\/mentions-legales\/","og_site_name":"Tiergesundheitszentrum Braun in Lahr","article_modified_time":"2025-11-19T11:10:41+00:00","twitter_card":"summary_large_image","twitter_misc":{"Dur\u00e9e de lecture estim\u00e9e":"4 minutes"},"schema":{"@context":"https:\/\/schema.org","@graph":[{"@type":"WebPage","@id":"https:\/\/tgz-lahr.de\/fr\/mentions-legales\/","url":"https:\/\/tgz-lahr.de\/fr\/mentions-legales\/","name":"Mentions l\u00e9gales - Tiergesundheitszentrum Braun in Lahr","isPartOf":{"@id":"https:\/\/tgz-lahr.de\/#website"},"datePublished":"2017-06-12T08:12:22+00:00","dateModified":"2025-11-19T11:10:41+00:00","breadcrumb":{"@id":"https:\/\/tgz-lahr.de\/fr\/mentions-legales\/#breadcrumb"},"inLanguage":"fr-FR","potentialAction":[{"@type":"ReadAction","target":["https:\/\/tgz-lahr.de\/fr\/mentions-legales\/"]}]},{"@type":"BreadcrumbList","@id":"https:\/\/tgz-lahr.de\/fr\/mentions-legales\/#breadcrumb","itemListElement":[{"@type":"ListItem","position":1,"name":"Startseite","item":"https:\/\/tgz-lahr.de\/fr\/"},{"@type":"ListItem","position":2,"name":"Mentions l\u00e9gales"}]},{"@type":"WebSite","@id":"https:\/\/tgz-lahr.de\/#website","url":"https:\/\/tgz-lahr.de\/","name":"Tiergesundheitszentrum Braun in Lahr","description":"","potentialAction":[{"@type":"SearchAction","target":{"@type":"EntryPoint","urlTemplate":"https:\/\/tgz-lahr.de\/?s={search_term_string}"},"query-input":{"@type":"PropertyValueSpecification","valueRequired":true,"valueName":"search_term_string"}}],"inLanguage":"fr-FR"}]}},"_links":{"self":[{"href":"https:\/\/tgz-lahr.de\/fr\/wp-json\/wp\/v2\/pages\/2350","targetHints":{"allow":["GET"]}}],"collection":[{"href":"https:\/\/tgz-lahr.de\/fr\/wp-json\/wp\/v2\/pages"}],"about":[{"href":"https:\/\/tgz-lahr.de\/fr\/wp-json\/wp\/v2\/types\/page"}],"author":[{"embeddable":true,"href":"https:\/\/tgz-lahr.de\/fr\/wp-json\/wp\/v2\/users\/1"}],"replies":[{"embeddable":true,"href":"https:\/\/tgz-lahr.de\/fr\/wp-json\/wp\/v2\/comments?post=2350"}],"version-history":[{"count":9,"href":"https:\/\/tgz-lahr.de\/fr\/wp-json\/wp\/v2\/pages\/2350\/revisions"}],"predecessor-version":[{"id":2460,"href":"https:\/\/tgz-lahr.de\/fr\/wp-json\/wp\/v2\/pages\/2350\/revisions\/2460"}],"wp:attachment":[{"href":"https:\/\/tgz-lahr.de\/fr\/wp-json\/wp\/v2\/media?parent=2350"}],"curies":[{"name":"wp","href":"https:\/\/api.w.org\/{rel}","templated":true}]}}