{"id":2485,"date":"2021-05-21T07:03:54","date_gmt":"2021-05-21T05:03:54","guid":{"rendered":"https:\/\/tgz-lahr.de\/service-durgence\/"},"modified":"2025-11-19T12:10:48","modified_gmt":"2025-11-19T11:10:48","slug":"service-durgence","status":"publish","type":"page","link":"https:\/\/tgz-lahr.de\/fr\/service-durgence\/","title":{"rendered":"Service d&rsquo;urgence"},"content":{"rendered":"<div class=\"wpb-content-wrapper\"><p>[vc_row unlock_row_content=\u00a0\u00bbyes\u00a0\u00bb row_height_percent=\u00a0\u00bb0&Prime; override_padding=\u00a0\u00bbyes\u00a0\u00bb h_padding=\u00a0\u00bb0&Prime; top_padding=\u00a0\u00bb0&Prime; bottom_padding=\u00a0\u00bb0&Prime; overlay_alpha=\u00a0\u00bb50&Prime; gutter_size=\u00a0\u00bb3&Prime; column_width_percent=\u00a0\u00bb100&Prime; shift_y=\u00a0\u00bb0&Prime; z_index=\u00a0\u00bb0&Prime;][vc_column width=\u00a0\u00bb1\/1&Prime;][vc_single_image media=\u00a0\u00bb2498&Prime; media_width_percent=\u00a0\u00bb100&Prime; media_ratio=\u00a0\u00bbtwentyone-nine\u00a0\u00bb alignment=\u00a0\u00bbcenter\u00a0\u00bb uncode_shortcode_id=\u00a0\u00bb920784&Prime;][\/vc_column][\/vc_row][vc_row row_height_percent=\u00a0\u00bb0&Prime; override_padding=\u00a0\u00bbyes\u00a0\u00bb h_padding=\u00a0\u00bb2&Prime; top_padding=\u00a0\u00bb4&Prime; bottom_padding=\u00a0\u00bb5&Prime; overlay_alpha=\u00a0\u00bb50&Prime; gutter_size=\u00a0\u00bb3&Prime; column_width_percent=\u00a0\u00bb100&Prime; shift_y=\u00a0\u00bb0&Prime; z_index=\u00a0\u00bb0&Prime;][vc_column column_width_percent=\u00a0\u00bb100&Prime; position_vertical=\u00a0\u00bbmiddle\u00a0\u00bb align_horizontal=\u00a0\u00bbalign_center\u00a0\u00bb gutter_size=\u00a0\u00bb1&Prime; overlay_alpha=\u00a0\u00bb50&Prime; shift_x=\u00a0\u00bb0&Prime; shift_y=\u00a0\u00bb0&Prime; shift_y_down=\u00a0\u00bb0&Prime; z_index=\u00a0\u00bb0&Prime; medium_width=\u00a0\u00bb0&Prime; mobile_width=\u00a0\u00bb0&Prime; width=\u00a0\u00bb1\/1&Prime;][vc_custom_heading heading_semantic=\u00a0\u00bbp\u00a0\u00bb text_size=\u00a0\u00bbh1&Prime; css_animation=\u00a0\u00bbbottom-t-top\u00a0\u00bb animation_delay=\u00a0\u00bb200&Prime; uncode_shortcode_id=\u00a0\u00bb123608&Prime;]Notre service d&rsquo;urgence[\/vc_custom_heading][vc_custom_heading text_color=\u00a0\u00bbcolor-accent-pink\u00a0\u00bb heading_semantic=\u00a0\u00bbh1&Prime; text_size=\u00a0\u00bbh3&Prime; sub_lead=\u00a0\u00bbyes\u00a0\u00bb css_animation=\u00a0\u00bbbottom-t-top\u00a0\u00bb animation_delay=\u00a0\u00bb400&Prime; uncode_shortcode_id=\u00a0\u00bb201169&Prime; text_color_type=\u00a0\u00bbuncode-palette\u00a0\u00bb]En cas d&rsquo;urgence, nous sommes l\u00e0 pour vous &#8211; comp\u00e9tents et disponibles[\/vc_custom_heading][vc_empty_space empty_h=\u00a0\u00bb3&Prime;][vc_column_text uncode_shortcode_id=\u00a0\u00bb262613&Prime;]<\/p>\n<p data-start=\"238\" data-end=\"425\">Il n&rsquo;y a pas d&rsquo;heure pour les urgences. Qu&rsquo;il s&rsquo;agisse d&rsquo;une colique aigu\u00eb, d&rsquo;une blessure grave ou d&rsquo;une maladie soudaine, notre service d&rsquo;urgence est l\u00e0 pour vous aider, m\u00eame en dehors des heures de consultation habituelles. <\/p>\n<p data-start=\"238\" data-end=\"425\"><strong>En cas d&rsquo;urgence, veuillez toujours appeler \u00e0 l&rsquo;avance afin que nous puissions pr\u00e9parer les soins de mani\u00e8re optimale.<\/strong><\/p>\n<p>[\/vc_column_text][\/vc_column][\/vc_row][vc_row row_height_percent=\u00a0\u00bb0&Prime; back_color=\u00a0\u00bbcolor-lxmt\u00a0\u00bb overlay_alpha=\u00a0\u00bb50&Prime; gutter_size=\u00a0\u00bb3&Prime; column_width_percent=\u00a0\u00bb100&Prime; shift_y=\u00a0\u00bb0&Prime; z_index=\u00a0\u00bb0&Prime; content_parallax=\u00a0\u00bb0&Prime; uncode_shortcode_id=\u00a0\u00bb712117&Prime; back_color_type=\u00a0\u00bbuncode-palette\u00a0\u00bb][vc_column column_width_percent=\u00a0\u00bb100&Prime; align_horizontal=\u00a0\u00bbalign_center\u00a0\u00bb gutter_size=\u00a0\u00bb3&Prime; overlay_alpha=\u00a0\u00bb50&Prime; shift_x=\u00a0\u00bb0&Prime; shift_y=\u00a0\u00bb0&Prime; shift_y_down=\u00a0\u00bb0&Prime; z_index=\u00a0\u00bb0&Prime; medium_width=\u00a0\u00bb0&Prime; mobile_width=\u00a0\u00bb0&Prime; width=\u00a0\u00bb1\/1&Prime; uncode_shortcode_id=\u00a0\u00bb126205&Prime;][vc_row_inner][vc_column_inner column_width_percent=\u00a0\u00bb100&Prime; align_horizontal=\u00a0\u00bbalign_center\u00a0\u00bb gutter_size=\u00a0\u00bb3&Prime; overlay_alpha=\u00a0\u00bb50&Prime; shift_x=\u00a0\u00bb0&Prime; shift_y=\u00a0\u00bb0&Prime; shift_y_down=\u00a0\u00bb0&Prime; z_index=\u00a0\u00bb0&Prime; medium_width=\u00a0\u00bb0&Prime; mobile_width=\u00a0\u00bb0&Prime; width=\u00a0\u00bb1\/2&Prime; uncode_shortcode_id=\u00a0\u00bb171575&Prime;][vc_custom_heading uncode_shortcode_id=\u00a0\u00bb614611&Prime;]Chevaux[\/vc_custom_heading][vc_column_text uncode_shortcode_id=\u00a0\u00bb195118&Prime;]Nous sommes \u00e9galement disponibles en dehors des horaires habituels pour les urgences \u00e9quines, qu&rsquo;il s&rsquo;agisse de coliques, de blessures ou d&rsquo;autres probl\u00e8mes urgents. Pour nos patients \u00e9quins<br \/>\n<strong>Nous sommes \u00e0 votre disposition 24 heures sur 24, 7 jours sur 7, 365 jours par an.<\/strong>[\/vc_column_text][vc_custom_heading text_color=\u00a0\u00bbcolor-accent-pink\u00a0\u00bb heading_semantic=\u00a0\u00bbh1&Prime; text_size=\u00a0\u00bbh3&Prime; sub_lead=\u00a0\u00bbyes\u00a0\u00bb css_animation=\u00a0\u00bbbottom-t-top\u00a0\u00bb animation_delay=\u00a0\u00bb400&Prime; uncode_shortcode_id=\u00a0\u00bb660616&Prime; text_color_type=\u00a0\u00bbuncode-palette\u00a0\u00bb]<span class=\"TextRun SCXW253207717 BCX8\" lang=\"DE-DE\" data-contrast=\"auto\"><span class=\"NormalTextRun CommentStart CommentHighlightPipeRest CommentHighlightRest SCXW253207717 BCX8\">Num\u00e9ro de t\u00e9l\u00e9phone du service d&rsquo;urgence :<\/span><\/span><\/p>\n<p><span class=\"TextRun SCXW253207717 BCX8\" lang=\"DE-DE\" data-contrast=\"auto\"><span class=\"NormalTextRun CommentStart CommentHighlightPipeRest CommentHighlightRest SCXW253207717 BCX8\"><a href=\"tel:007821920690\">(0) 7821 &#8211; 92069 &#8211; 0<\/a><\/span><\/span><span class=\"EOP CommentHighlightPipeRest SCXW253207717 BCX8\" data-ccp-props=\"{\"134245417\":true,\"201341983\":0,\"335551550\":6,\"335551620\":6,\"335559739\":160,\"335559740\":276}\"> <\/span>[\/vc_custom_heading][\/vc_column_inner][vc_column_inner column_width_percent=\u00a0\u00bb100&Prime; align_horizontal=\u00a0\u00bbalign_center\u00a0\u00bb gutter_size=\u00a0\u00bb3&Prime; overlay_alpha=\u00a0\u00bb50&Prime; shift_x=\u00a0\u00bb0&Prime; shift_y=\u00a0\u00bb0&Prime; shift_y_down=\u00a0\u00bb0&Prime; z_index=\u00a0\u00bb0&Prime; medium_width=\u00a0\u00bb0&Prime; mobile_width=\u00a0\u00bb0&Prime; width=\u00a0\u00bb1\/2&Prime; uncode_shortcode_id=\u00a0\u00bb726357&Prime;][vc_custom_heading uncode_shortcode_id=\u00a0\u00bb101884&Prime;]Petits animaux[\/vc_custom_heading][vc_column_text uncode_shortcode_id=\u00a0\u00bb308695&Prime;]Pour les chiens et les chats, c&rsquo;est le <strong data-start=\"594\" data-end=\"644\">Tier\u00e4rztlicher Verbund Notdienst de l&rsquo;Ortenau<\/strong> qui est comp\u00e9tent.<br \/>\nVous y trouverez une aide comp\u00e9tente \u00e0 tout moment &#8211; m\u00eame la nuit, les week-ends et les jours f\u00e9ri\u00e9s.[\/vc_column_text][vc_custom_heading text_color=\u00a0\u00bbcolor-accent-pink\u00a0\u00bb heading_semantic=\u00a0\u00bbh1&Prime; text_size=\u00a0\u00bbh3&Prime; sub_lead=\u00a0\u00bbyes\u00a0\u00bb css_animation=\u00a0\u00bbbottom-t-top\u00a0\u00bb animation_delay=\u00a0\u00bb400&Prime; uncode_shortcode_id=\u00a0\u00bb499195&Prime; text_color_type=\u00a0\u00bbuncode-palette\u00a0\u00bb]Ligne d&rsquo;urgence :<\/p>\n<p><a href=\"tel:07802700067\">(0) 7802 &#8211; 700067<\/a>[\/vc_custom_heading][vc_column_text uncode_shortcode_id=\u00a0\u00bb100662&Prime;]Tous les jours de 19:00 \u00e0 08:00<\/p>\n<p><a href=\"https:\/\/www.tieraerztlicherverbund-notdienst-in-der-ortenau.de\">www.tier\u00e4rztlicherverbund-notdienst-in-der-ortenau.de<\/a>[\/vc_column_text][\/vc_column_inner][\/vc_row_inner][vc_empty_space empty_h=\u00a0\u00bb2&Prime;][\/vc_column][\/vc_row][vc_row row_height_percent=\u00a0\u00bb0&Prime; override_padding=\u00a0\u00bbyes\u00a0\u00bb h_padding=\u00a0\u00bb2&Prime; top_padding=\u00a0\u00bb4&Prime; bottom_padding=\u00a0\u00bb5&Prime; overlay_alpha=\u00a0\u00bb50&Prime; gutter_size=\u00a0\u00bb3&Prime; column_width_percent=\u00a0\u00bb100&Prime; shift_y=\u00a0\u00bb0&Prime; z_index=\u00a0\u00bb0&Prime;][vc_column column_width_percent=\u00a0\u00bb100&Prime; position_vertical=\u00a0\u00bbmiddle\u00a0\u00bb align_horizontal=\u00a0\u00bbalign_center\u00a0\u00bb gutter_size=\u00a0\u00bb3&Prime; overlay_alpha=\u00a0\u00bb50&Prime; shift_x=\u00a0\u00bb0&Prime; shift_y=\u00a0\u00bb0&Prime; shift_y_down=\u00a0\u00bb0&Prime; z_index=\u00a0\u00bb0&Prime; medium_width=\u00a0\u00bb0&Prime; mobile_width=\u00a0\u00bb0&Prime; css_animation=\u00a0\u00bbbottom-t-top\u00a0\u00bb animation_delay=\u00a0\u00bb600&Prime; width=\u00a0\u00bb1\/1&Prime;][vc_row_inner][vc_column_inner column_width_percent=\u00a0\u00bb100&Prime; align_horizontal=\u00a0\u00bbalign_center\u00a0\u00bb gutter_size=\u00a0\u00bb1&Prime; overlay_alpha=\u00a0\u00bb50&Prime; shift_x=\u00a0\u00bb0&Prime; shift_y=\u00a0\u00bb0&Prime; shift_y_down=\u00a0\u00bb0&Prime; z_index=\u00a0\u00bb0&Prime; medium_width=\u00a0\u00bb0&Prime; mobile_width=\u00a0\u00bb0&Prime; width=\u00a0\u00bb1\/1&Prime;][vc_custom_heading heading_semantic=\u00a0\u00bbp\u00a0\u00bb text_size=\u00a0\u00bbh1&Prime; css_animation=\u00a0\u00bbbottom-t-top\u00a0\u00bb animation_delay=\u00a0\u00bb200&Prime; uncode_shortcode_id=\u00a0\u00bb205013&Prime;]Quand s&rsquo;agit-il d&rsquo;une urgence ?[\/vc_custom_heading][vc_custom_heading text_color=\u00a0\u00bbcolor-accent-pink\u00a0\u00bb text_size=\u00a0\u00bbh3&Prime; sub_lead=\u00a0\u00bbyes\u00a0\u00bb css_animation=\u00a0\u00bbbottom-t-top\u00a0\u00bb animation_delay=\u00a0\u00bb400&Prime; uncode_shortcode_id=\u00a0\u00bb835264&Prime; text_color_type=\u00a0\u00bbuncode-palette\u00a0\u00bb]Questions et r\u00e9ponses[\/vc_custom_heading][vc_empty_space empty_h=\u00a0\u00bb2&Prime;][vc_column_text uncode_shortcode_id=\u00a0\u00bb150516&Prime;]Il y a urgence v\u00e9t\u00e9rinaire lorsque l&rsquo;\u00e9tat de votre animal devient soudainement dangereux ou tr\u00e8s douloureux et qu&rsquo;il n&rsquo;est pas possible d&rsquo;attendre la prochaine consultation r\u00e9guli\u00e8re. Si vous n&rsquo;\u00eates pas s\u00fbr : <strong data-start=\"948\" data-end=\"983\">Il est pr\u00e9f\u00e9rable d&rsquo;appeler le plus t\u00f4t possible.<\/strong> Nous vous aiderons \u00e0 d\u00e9terminer s&rsquo;il s&rsquo;agit d&rsquo;une v\u00e9ritable urgence et \u00e0 r\u00e9agir correctement en attendant les soins.[\/vc_column_text][vc_empty_space empty_h=\u00a0\u00bb2&Prime;][\/vc_column_inner][\/vc_row_inner][vc_accordion typography=\u00a0\u00bbyes\u00a0\u00bb gutter_simple=\u00a0\u00bb0&Prime; uncode_shortcode_id=\u00a0\u00bb559498&Prime;][vc_accordion_tab gutter_size=\u00a0\u00bb2&Prime; column_padding=\u00a0\u00bb2&Prime; title=\u00a0\u00bbQuand s&apos;agit-il d&apos;une urgence ?\u00a0\u00bb tab_id=\u00a0\u00bb1634984633-1-131752613307521&Prime; slug=\u00a0\u00bbsection-1&Prime;][uncode_list uncode_shortcode_id=\u00a0\u00bb117733&Prime;]<\/p>\n<p data-start=\"408\" data-end=\"448\"><strong data-start=\"408\" data-end=\"448\">Les urgences typiques sont par exemple<\/strong><\/p>\n<ul data-start=\"450\" data-end=\"922\">\n<li data-start=\"450\" data-end=\"493\">\n<p data-start=\"452\" data-end=\"493\"><strong data-start=\"452\" data-end=\"463\">difficult\u00e9s respiratoires<\/strong> ou muqueuses bleut\u00e9es<\/p>\n<\/li>\n<li data-start=\"494\" data-end=\"555\">\n<p data-start=\"496\" data-end=\"555\"><strong data-start=\"496\" data-end=\"514\">Sympt\u00f4mes de coliques<\/strong> chez le cheval (agitation, rouler, transpiration)<\/p>\n<\/li>\n<li data-start=\"556\" data-end=\"614\">\n<p data-start=\"558\" data-end=\"614\"><strong data-start=\"558\" data-end=\"590\">Blessures saignantes importantes<\/strong> ou fractures ouvertes<\/p>\n<\/li>\n<li data-start=\"615\" data-end=\"702\">\n<p data-start=\"617\" data-end=\"702\"><strong data-start=\"617\" data-end=\"640\">suspicion d&#8217;empoisonnement<\/strong> (par exemple, ingestion d&rsquo;app\u00e2ts empoisonn\u00e9s, de plantes ou de m\u00e9dicaments)<\/p>\n<\/li>\n<li data-start=\"703\" data-end=\"732\">\n<p data-start=\"705\" data-end=\"732\"><strong data-start=\"705\" data-end=\"730\">Complications \u00e0 l&rsquo;accouchement<\/strong><\/p>\n<\/li>\n<li data-start=\"733\" data-end=\"798\">\n<p data-start=\"735\" data-end=\"798\"><strong data-start=\"735\" data-end=\"759\">Paralysie soudaine<\/strong>, convulsions ou perte de conscience<\/p>\n<\/li>\n<li data-start=\"799\" data-end=\"844\">\n<p data-start=\"801\" data-end=\"844\"><strong data-start=\"801\" data-end=\"817\">Forte fi\u00e8vre<\/strong> avec faiblesse g\u00e9n\u00e9rale<\/p>\n<\/li>\n<li data-start=\"845\" data-end=\"922\">\n<p data-start=\"847\" data-end=\"922\"><strong data-start=\"847\" data-end=\"887\">Vomissements ou diarrh\u00e9e persistants<\/strong>, en particulier chez les petits animaux<\/p>\n<\/li>\n<\/ul>\n<p>[\/uncode_list][\/vc_accordion_tab][\/vc_accordion][\/vc_column][\/vc_row]<\/p>\n<\/div>","protected":false},"excerpt":{"rendered":"<p>[vc_row unlock_row_content=\u00a0\u00bbyes\u00a0\u00bb row_height_percent=\u00a0\u00bb0&Prime; override_padding=\u00a0\u00bbyes\u00a0\u00bb h_padding=\u00a0\u00bb0&Prime; top_padding=\u00a0\u00bb0&Prime; bottom_padding=\u00a0\u00bb0&Prime; overlay_alpha=\u00a0\u00bb50&Prime; gutter_size=\u00a0\u00bb3&Prime; column_width_percent=\u00a0\u00bb100&Prime; shift_y=\u00a0\u00bb0&Prime; z_index=\u00a0\u00bb0&Prime;][vc_column width=\u00a0\u00bb1\/1&Prime;][vc_single_image media=\u00a0\u00bb2498&Prime; media_width_percent=\u00a0\u00bb100&Prime; media_ratio=\u00a0\u00bbtwentyone-nine\u00a0\u00bb alignment=\u00a0\u00bbcenter\u00a0\u00bb uncode_shortcode_id=\u00a0\u00bb920784&Prime;][\/vc_column][\/vc_row][vc_row row_height_percent=\u00a0\u00bb0&Prime; override_padding=\u00a0\u00bbyes\u00a0\u00bb [&hellip;]<\/p>\n","protected":false},"author":2,"featured_media":0,"parent":0,"menu_order":0,"comment_status":"closed","ping_status":"closed","template":"","meta":{"footnotes":""},"class_list":["post-2485","page","type-page","status-publish","hentry"],"yoast_head":"<!-- This site is optimized with the Yoast SEO plugin v27.5 - https:\/\/yoast.com\/product\/yoast-seo-wordpress\/ -->\n<title>Service d&#039;urgence - Tiergesundheitszentrum Braun in Lahr<\/title>\n<meta name=\"description\" content=\"Nous savons qu&#039;en cas d&#039;urgence, chaque seconde compte. Vous trouverez ici toutes les informations sur notre disponibilit\u00e9 en cas d&#039;urgence.\" \/>\n<meta name=\"robots\" content=\"index, follow, max-snippet:-1, max-image-preview:large, max-video-preview:-1\" \/>\n<link rel=\"canonical\" href=\"https:\/\/tgz-lahr.de\/fr\/service-durgence\/\" \/>\n<meta property=\"og:locale\" content=\"fr_FR\" \/>\n<meta property=\"og:type\" content=\"article\" \/>\n<meta property=\"og:title\" content=\"Service d&#039;urgence - Tiergesundheitszentrum Braun in Lahr\" \/>\n<meta property=\"og:description\" content=\"Nous savons qu&#039;en cas d&#039;urgence, chaque seconde compte. Vous trouverez ici toutes les informations sur notre disponibilit\u00e9 en cas d&#039;urgence.\" \/>\n<meta property=\"og:url\" content=\"https:\/\/tgz-lahr.de\/fr\/service-durgence\/\" \/>\n<meta property=\"og:site_name\" content=\"Tiergesundheitszentrum Braun in Lahr\" \/>\n<meta property=\"article:modified_time\" content=\"2025-11-19T11:10:48+00:00\" \/>\n<meta name=\"twitter:card\" content=\"summary_large_image\" \/>\n<meta name=\"twitter:label1\" content=\"Dur\u00e9e de lecture estim\u00e9e\" \/>\n\t<meta name=\"twitter:data1\" content=\"5 minutes\" \/>\n<script type=\"application\/ld+json\" class=\"yoast-schema-graph\">{\"@context\":\"https:\\\/\\\/schema.org\",\"@graph\":[{\"@type\":\"WebPage\",\"@id\":\"https:\\\/\\\/tgz-lahr.de\\\/fr\\\/service-durgence\\\/\",\"url\":\"https:\\\/\\\/tgz-lahr.de\\\/fr\\\/service-durgence\\\/\",\"name\":\"Service d'urgence - Tiergesundheitszentrum Braun in Lahr\",\"isPartOf\":{\"@id\":\"https:\\\/\\\/tgz-lahr.de\\\/#website\"},\"datePublished\":\"2021-05-21T05:03:54+00:00\",\"dateModified\":\"2025-11-19T11:10:48+00:00\",\"description\":\"Nous savons qu'en cas d'urgence, chaque seconde compte. Vous trouverez ici toutes les informations sur notre disponibilit\u00e9 en cas d'urgence.\",\"breadcrumb\":{\"@id\":\"https:\\\/\\\/tgz-lahr.de\\\/fr\\\/service-durgence\\\/#breadcrumb\"},\"inLanguage\":\"fr-FR\",\"potentialAction\":[{\"@type\":\"ReadAction\",\"target\":[\"https:\\\/\\\/tgz-lahr.de\\\/fr\\\/service-durgence\\\/\"]}]},{\"@type\":\"BreadcrumbList\",\"@id\":\"https:\\\/\\\/tgz-lahr.de\\\/fr\\\/service-durgence\\\/#breadcrumb\",\"itemListElement\":[{\"@type\":\"ListItem\",\"position\":1,\"name\":\"Startseite\",\"item\":\"https:\\\/\\\/tgz-lahr.de\\\/fr\\\/\"},{\"@type\":\"ListItem\",\"position\":2,\"name\":\"Service d&#8217;urgence\"}]},{\"@type\":\"WebSite\",\"@id\":\"https:\\\/\\\/tgz-lahr.de\\\/#website\",\"url\":\"https:\\\/\\\/tgz-lahr.de\\\/\",\"name\":\"Tiergesundheitszentrum Braun in Lahr\",\"description\":\"\",\"potentialAction\":[{\"@type\":\"SearchAction\",\"target\":{\"@type\":\"EntryPoint\",\"urlTemplate\":\"https:\\\/\\\/tgz-lahr.de\\\/?s={search_term_string}\"},\"query-input\":{\"@type\":\"PropertyValueSpecification\",\"valueRequired\":true,\"valueName\":\"search_term_string\"}}],\"inLanguage\":\"fr-FR\"}]}<\/script>\n<!-- \/ Yoast SEO plugin. -->","yoast_head_json":{"title":"Service d'urgence - Tiergesundheitszentrum Braun in Lahr","description":"Nous savons qu'en cas d'urgence, chaque seconde compte. Vous trouverez ici toutes les informations sur notre disponibilit\u00e9 en cas d'urgence.","robots":{"index":"index","follow":"follow","max-snippet":"max-snippet:-1","max-image-preview":"max-image-preview:large","max-video-preview":"max-video-preview:-1"},"canonical":"https:\/\/tgz-lahr.de\/fr\/service-durgence\/","og_locale":"fr_FR","og_type":"article","og_title":"Service d'urgence - Tiergesundheitszentrum Braun in Lahr","og_description":"Nous savons qu'en cas d'urgence, chaque seconde compte. Vous trouverez ici toutes les informations sur notre disponibilit\u00e9 en cas d'urgence.","og_url":"https:\/\/tgz-lahr.de\/fr\/service-durgence\/","og_site_name":"Tiergesundheitszentrum Braun in Lahr","article_modified_time":"2025-11-19T11:10:48+00:00","twitter_card":"summary_large_image","twitter_misc":{"Dur\u00e9e de lecture estim\u00e9e":"5 minutes"},"schema":{"@context":"https:\/\/schema.org","@graph":[{"@type":"WebPage","@id":"https:\/\/tgz-lahr.de\/fr\/service-durgence\/","url":"https:\/\/tgz-lahr.de\/fr\/service-durgence\/","name":"Service d'urgence - Tiergesundheitszentrum Braun in Lahr","isPartOf":{"@id":"https:\/\/tgz-lahr.de\/#website"},"datePublished":"2021-05-21T05:03:54+00:00","dateModified":"2025-11-19T11:10:48+00:00","description":"Nous savons qu'en cas d'urgence, chaque seconde compte. Vous trouverez ici toutes les informations sur notre disponibilit\u00e9 en cas d'urgence.","breadcrumb":{"@id":"https:\/\/tgz-lahr.de\/fr\/service-durgence\/#breadcrumb"},"inLanguage":"fr-FR","potentialAction":[{"@type":"ReadAction","target":["https:\/\/tgz-lahr.de\/fr\/service-durgence\/"]}]},{"@type":"BreadcrumbList","@id":"https:\/\/tgz-lahr.de\/fr\/service-durgence\/#breadcrumb","itemListElement":[{"@type":"ListItem","position":1,"name":"Startseite","item":"https:\/\/tgz-lahr.de\/fr\/"},{"@type":"ListItem","position":2,"name":"Service d&#8217;urgence"}]},{"@type":"WebSite","@id":"https:\/\/tgz-lahr.de\/#website","url":"https:\/\/tgz-lahr.de\/","name":"Tiergesundheitszentrum Braun in Lahr","description":"","potentialAction":[{"@type":"SearchAction","target":{"@type":"EntryPoint","urlTemplate":"https:\/\/tgz-lahr.de\/?s={search_term_string}"},"query-input":{"@type":"PropertyValueSpecification","valueRequired":true,"valueName":"search_term_string"}}],"inLanguage":"fr-FR"}]}},"_links":{"self":[{"href":"https:\/\/tgz-lahr.de\/fr\/wp-json\/wp\/v2\/pages\/2485","targetHints":{"allow":["GET"]}}],"collection":[{"href":"https:\/\/tgz-lahr.de\/fr\/wp-json\/wp\/v2\/pages"}],"about":[{"href":"https:\/\/tgz-lahr.de\/fr\/wp-json\/wp\/v2\/types\/page"}],"author":[{"embeddable":true,"href":"https:\/\/tgz-lahr.de\/fr\/wp-json\/wp\/v2\/users\/2"}],"replies":[{"embeddable":true,"href":"https:\/\/tgz-lahr.de\/fr\/wp-json\/wp\/v2\/comments?post=2485"}],"version-history":[{"count":2,"href":"https:\/\/tgz-lahr.de\/fr\/wp-json\/wp\/v2\/pages\/2485\/revisions"}],"predecessor-version":[{"id":2514,"href":"https:\/\/tgz-lahr.de\/fr\/wp-json\/wp\/v2\/pages\/2485\/revisions\/2514"}],"wp:attachment":[{"href":"https:\/\/tgz-lahr.de\/fr\/wp-json\/wp\/v2\/media?parent=2485"}],"curies":[{"name":"wp","href":"https:\/\/api.w.org\/{rel}","templated":true}]}}