{"id":2971,"date":"2026-03-18T17:32:13","date_gmt":"2026-03-18T16:32:13","guid":{"rendered":"https:\/\/tgz-lahr.de\/?page_id=2971"},"modified":"2026-03-20T18:52:25","modified_gmt":"2026-03-20T17:52:25","slug":"petits-animaux-2","status":"publish","type":"page","link":"https:\/\/tgz-lahr.de\/fr\/petits-animaux-2\/","title":{"rendered":"Infos pour les propri\u00e9taires d&rsquo;animaux"},"content":{"rendered":"<div class=\"wpb-content-wrapper\"><p>[vc_row unlock_row_content=\u00a0\u00bbyes\u00a0\u00bb row_height_percent=\u00a0\u00bb0&Prime; override_padding=\u00a0\u00bbyes\u00a0\u00bb h_padding=\u00a0\u00bb0&Prime; top_padding=\u00a0\u00bb0&Prime; bottom_padding=\u00a0\u00bb0&Prime; overlay_alpha=\u00a0\u00bb50&Prime; gutter_size=\u00a0\u00bb3&Prime; column_width_percent=\u00a0\u00bb100&Prime; shift_y=\u00a0\u00bb0&Prime; z_index=\u00a0\u00bb0&Prime;][vc_column width=\u00a0\u00bb1\/1&Prime;][vc_single_image media=\u00a0\u00bb2106&Prime; media_width_percent=\u00a0\u00bb100&Prime; media_ratio=\u00a0\u00bbtwentyone-nine\u00a0\u00bb alignment=\u00a0\u00bbcenter\u00a0\u00bb uncode_shortcode_id=\u00a0\u00bb158075&Prime;][\/vc_column][\/vc_row][vc_row row_height_percent=\u00a0\u00bb0&Prime; override_padding=\u00a0\u00bbyes\u00a0\u00bb h_padding=\u00a0\u00bb2&Prime; top_padding=\u00a0\u00bb4&Prime; bottom_padding=\u00a0\u00bb5&Prime; overlay_alpha=\u00a0\u00bb50&Prime; gutter_size=\u00a0\u00bb3&Prime; column_width_percent=\u00a0\u00bb100&Prime; shift_y=\u00a0\u00bb0&Prime; z_index=\u00a0\u00bb0&Prime;][vc_column column_width_percent=\u00a0\u00bb100&Prime; position_vertical=\u00a0\u00bbmiddle\u00a0\u00bb align_horizontal=\u00a0\u00bbalign_center\u00a0\u00bb gutter_size=\u00a0\u00bb1&Prime; overlay_alpha=\u00a0\u00bb50&Prime; shift_x=\u00a0\u00bb0&Prime; shift_y=\u00a0\u00bb0&Prime; shift_y_down=\u00a0\u00bb0&Prime; z_index=\u00a0\u00bb0&Prime; medium_width=\u00a0\u00bb0&Prime; mobile_width=\u00a0\u00bb0&Prime; width=\u00a0\u00bb1\/1&Prime;][vc_custom_heading heading_semantic=\u00a0\u00bbp\u00a0\u00bb text_size=\u00a0\u00bbh1&Prime; css_animation=\u00a0\u00bbbottom-t-top\u00a0\u00bb animation_delay=\u00a0\u00bb200&Prime; uncode_shortcode_id=\u00a0\u00bb214215&Prime;]Tiergesundheitszentrum Braun \u00e0 Lahr Informations pour les \u00e9leveurs[\/vc_custom_heading][vc_empty_space empty_h=\u00a0\u00bb2&Prime;][\/vc_column][\/vc_row][vc_row row_height_percent=\u00a0\u00bb0&Prime; override_padding=\u00a0\u00bbyes\u00a0\u00bb h_padding=\u00a0\u00bb2&Prime; top_padding=\u00a0\u00bb4&Prime; bottom_padding=\u00a0\u00bb5&Prime; back_color=\u00a0\u00bbcolor-lxmt\u00a0\u00bb overlay_alpha=\u00a0\u00bb50&Prime; gutter_size=\u00a0\u00bb3&Prime; column_width_percent=\u00a0\u00bb100&Prime; shift_y=\u00a0\u00bb0&Prime; z_index=\u00a0\u00bb0&Prime; row_name=\u00a0\u00bbImpfung\u00a0\u00bb el_id=\u00a0\u00bbVaccination\u00a0\u00bb][vc_column column_width_percent=\u00a0\u00bb100&Prime; position_vertical=\u00a0\u00bbmiddle\u00a0\u00bb align_horizontal=\u00a0\u00bbalign_center\u00a0\u00bb gutter_size=\u00a0\u00bb1&Prime; overlay_alpha=\u00a0\u00bb50&Prime; shift_x=\u00a0\u00bb0&Prime; shift_y=\u00a0\u00bb0&Prime; shift_y_down=\u00a0\u00bb0&Prime; z_index=\u00a0\u00bb0&Prime; medium_width=\u00a0\u00bb0&Prime; mobile_width=\u00a0\u00bb0&Prime; width=\u00a0\u00bb1\/1&Prime;][vc_row_inner row_inner_height_percent=\u00a0\u00bb0&Prime; overlay_alpha=\u00a0\u00bb50&Prime; gutter_size=\u00a0\u00bb4&Prime; shift_y=\u00a0\u00bb0&Prime; z_index=\u00a0\u00bb0&Prime; inverted_device_order=\u00a0\u00bbyes\u00a0\u00bb limit_content=\u00a0\u00bb\u00a0\u00bb][vc_column_inner column_width_percent=\u00a0\u00bb100&Prime; gutter_size=\u00a0\u00bb3&Prime; overlay_alpha=\u00a0\u00bb50&Prime; shift_x=\u00a0\u00bb0&Prime; shift_y=\u00a0\u00bb0&Prime; shift_y_down=\u00a0\u00bb0&Prime; z_index=\u00a0\u00bb0&Prime; medium_width=\u00a0\u00bb0&Prime; mobile_width=\u00a0\u00bb0&Prime; width=\u00a0\u00bb1\/2&Prime; uncode_shortcode_id=\u00a0\u00bb214708&Prime;][vc_single_image media=\u00a0\u00bb2685&Prime; media_width_percent=\u00a0\u00bb100&Prime; media_ratio=\u00a0\u00bbfour-three\u00a0\u00bb alignment=\u00a0\u00bbcenter\u00a0\u00bb shape=\u00a0\u00bbimg-round\u00a0\u00bb radius=\u00a0\u00bbxl\u00a0\u00bb css_animation=\u00a0\u00bbleft-t-right\u00a0\u00bb animation_delay=\u00a0\u00bb100&Prime; uncode_shortcode_id=\u00a0\u00bb156387&Prime;][\/vc_column_inner][vc_column_inner column_width_percent=\u00a0\u00bb100&Prime; position_vertical=\u00a0\u00bbmiddle\u00a0\u00bb gutter_size=\u00a0\u00bb2&Prime; overlay_alpha=\u00a0\u00bb50&Prime; shift_x=\u00a0\u00bb0&Prime; shift_y=\u00a0\u00bb0&Prime; shift_y_down=\u00a0\u00bb0&Prime; z_index=\u00a0\u00bb0&Prime; medium_width=\u00a0\u00bb0&Prime; mobile_width=\u00a0\u00bb0&Prime; width=\u00a0\u00bb1\/2&Prime;][vc_custom_heading text_size=\u00a0\u00bbh1&Prime; css_animation=\u00a0\u00bbbottom-t-top\u00a0\u00bb animation_delay=\u00a0\u00bb200&Prime; uncode_shortcode_id=\u00a0\u00bb704898&Prime;]Liens utiles[\/vc_custom_heading][vc_column_text css_animation=\u00a0\u00bbleft-t-right\u00a0\u00bb animation_delay=\u00a0\u00bb300&Prime; uncode_shortcode_id=\u00a0\u00bb182029&Prime;]<\/p>\n<div class=\"flex-1 overflow-hidden\">\n<div class=\"react-scroll-to-bottom--css-mogbr-79elbk h-full\">\n<div class=\"react-scroll-to-bottom--css-mogbr-1n7m0yu\">\n<div class=\"flex flex-col pb-9 text-sm\">\n<div class=\"w-full text-token-text-primary\" data-testid=\"conversation-turn-41\">\n<div class=\"px-4 py-2 justify-center text-base md:gap-6 m-auto\">\n<div class=\"flex flex-1 text-base mx-auto gap-3 md:px-5 lg:px-1 xl:px-5 md:max-w-3xl lg:max-w-[40rem] xl:max-w-[48rem] group final-completion\">\n<div class=\"relative flex w-full flex-col agent-turn\">\n<div class=\"flex-col gap-1 md:gap-3\">\n<div class=\"flex flex-grow flex-col max-w-full\">\n<div class=\"min-h-[20px] text-message flex flex-col items-start gap-3 whitespace-pre-wrap break-words [.text-message+&amp;]:mt-5 overflow-x-auto\" data-message-author-role=\"assistant\" data-message-id=\"c3936343-4f27-4fde-9f58-b090f95ceb7f\">\n<div class=\"markdown prose w-full break-words dark:prose-invert light\">\n<ul>\n<li><a href=\"https:\/\/www.bundestieraerztekammer.de\/d.php?id=8663\">Information des patients sur la vaccination<\/a><\/li>\n<li><a href=\"https:\/\/www.wildtier-sos.de\/download\">Animal sauvage trouv\u00e9<\/a><\/li>\n<\/ul>\n<\/div>\n<\/div>\n<\/div>\n<\/div>\n<\/div>\n<\/div>\n<\/div>\n<\/div>\n<\/div>\n<\/div>\n<\/div>\n<\/div>\n<p>[\/vc_column_text][\/vc_column_inner][\/vc_row_inner][\/vc_column][\/vc_row]<\/p>\n<\/div>","protected":false},"excerpt":{"rendered":"<p>[vc_row unlock_row_content=\u00a0\u00bbyes\u00a0\u00bb row_height_percent=\u00a0\u00bb0&Prime; override_padding=\u00a0\u00bbyes\u00a0\u00bb h_padding=\u00a0\u00bb0&Prime; top_padding=\u00a0\u00bb0&Prime; bottom_padding=\u00a0\u00bb0&Prime; overlay_alpha=\u00a0\u00bb50&Prime; gutter_size=\u00a0\u00bb3&Prime; column_width_percent=\u00a0\u00bb100&Prime; shift_y=\u00a0\u00bb0&Prime; z_index=\u00a0\u00bb0&Prime;][vc_column width=\u00a0\u00bb1\/1&Prime;][vc_single_image media=\u00a0\u00bb2106&Prime; media_width_percent=\u00a0\u00bb100&Prime; media_ratio=\u00a0\u00bbtwentyone-nine\u00a0\u00bb alignment=\u00a0\u00bbcenter\u00a0\u00bb uncode_shortcode_id=\u00a0\u00bb158075&Prime;][\/vc_column][\/vc_row][vc_row row_height_percent=\u00a0\u00bb0&Prime; override_padding=\u00a0\u00bbyes\u00a0\u00bb [&hellip;]<\/p>\n","protected":false},"author":6,"featured_media":0,"parent":0,"menu_order":0,"comment_status":"closed","ping_status":"closed","template":"","meta":{"footnotes":""},"class_list":["post-2971","page","type-page","status-publish","hentry"],"yoast_head":"<!-- This site is optimized with the Yoast SEO plugin v27.5 - https:\/\/yoast.com\/product\/yoast-seo-wordpress\/ -->\n<title>Infos pour les propri\u00e9taires d&#039;animaux - Tiergesundheitszentrum Braun in Lahr<\/title>\n<meta name=\"description\" content=\"Sur cette page, vous trouverez un aper\u00e7u des informations destin\u00e9es aux propri\u00e9taires d&#039;animaux.\" \/>\n<meta name=\"robots\" content=\"index, follow, max-snippet:-1, max-image-preview:large, max-video-preview:-1\" \/>\n<link rel=\"canonical\" href=\"https:\/\/tgz-lahr.de\/fr\/petits-animaux-2\/\" \/>\n<meta property=\"og:locale\" content=\"fr_FR\" \/>\n<meta property=\"og:type\" content=\"article\" \/>\n<meta property=\"og:title\" content=\"Infos pour les propri\u00e9taires d&#039;animaux - Tiergesundheitszentrum Braun in Lahr\" \/>\n<meta property=\"og:description\" content=\"Sur cette page, vous trouverez un aper\u00e7u des informations destin\u00e9es aux propri\u00e9taires d&#039;animaux.\" \/>\n<meta property=\"og:url\" content=\"https:\/\/tgz-lahr.de\/fr\/petits-animaux-2\/\" \/>\n<meta property=\"og:site_name\" content=\"Tiergesundheitszentrum Braun in Lahr\" \/>\n<meta property=\"article:modified_time\" content=\"2026-03-20T17:52:25+00:00\" \/>\n<meta name=\"twitter:card\" content=\"summary_large_image\" \/>\n<meta name=\"twitter:label1\" content=\"Dur\u00e9e de lecture estim\u00e9e\" \/>\n\t<meta name=\"twitter:data1\" content=\"7 minutes\" \/>\n<script type=\"application\/ld+json\" class=\"yoast-schema-graph\">{\"@context\":\"https:\\\/\\\/schema.org\",\"@graph\":[{\"@type\":\"WebPage\",\"@id\":\"https:\\\/\\\/tgz-lahr.de\\\/fr\\\/petits-animaux-2\\\/\",\"url\":\"https:\\\/\\\/tgz-lahr.de\\\/fr\\\/petits-animaux-2\\\/\",\"name\":\"Infos pour les propri\u00e9taires d'animaux - Tiergesundheitszentrum Braun in Lahr\",\"isPartOf\":{\"@id\":\"https:\\\/\\\/tgz-lahr.de\\\/#website\"},\"datePublished\":\"2026-03-18T16:32:13+00:00\",\"dateModified\":\"2026-03-20T17:52:25+00:00\",\"description\":\"Sur cette page, vous trouverez un aper\u00e7u des informations destin\u00e9es aux propri\u00e9taires d'animaux.\",\"breadcrumb\":{\"@id\":\"https:\\\/\\\/tgz-lahr.de\\\/fr\\\/petits-animaux-2\\\/#breadcrumb\"},\"inLanguage\":\"fr-FR\",\"potentialAction\":[{\"@type\":\"ReadAction\",\"target\":[\"https:\\\/\\\/tgz-lahr.de\\\/fr\\\/petits-animaux-2\\\/\"]}]},{\"@type\":\"BreadcrumbList\",\"@id\":\"https:\\\/\\\/tgz-lahr.de\\\/fr\\\/petits-animaux-2\\\/#breadcrumb\",\"itemListElement\":[{\"@type\":\"ListItem\",\"position\":1,\"name\":\"Startseite\",\"item\":\"https:\\\/\\\/tgz-lahr.de\\\/fr\\\/\"},{\"@type\":\"ListItem\",\"position\":2,\"name\":\"Infos pour les propri\u00e9taires d&rsquo;animaux\"}]},{\"@type\":\"WebSite\",\"@id\":\"https:\\\/\\\/tgz-lahr.de\\\/#website\",\"url\":\"https:\\\/\\\/tgz-lahr.de\\\/\",\"name\":\"Tiergesundheitszentrum Braun in Lahr\",\"description\":\"\",\"potentialAction\":[{\"@type\":\"SearchAction\",\"target\":{\"@type\":\"EntryPoint\",\"urlTemplate\":\"https:\\\/\\\/tgz-lahr.de\\\/?s={search_term_string}\"},\"query-input\":{\"@type\":\"PropertyValueSpecification\",\"valueRequired\":true,\"valueName\":\"search_term_string\"}}],\"inLanguage\":\"fr-FR\"}]}<\/script>\n<!-- \/ Yoast SEO plugin. -->","yoast_head_json":{"title":"Infos pour les propri\u00e9taires d'animaux - Tiergesundheitszentrum Braun in Lahr","description":"Sur cette page, vous trouverez un aper\u00e7u des informations destin\u00e9es aux propri\u00e9taires d'animaux.","robots":{"index":"index","follow":"follow","max-snippet":"max-snippet:-1","max-image-preview":"max-image-preview:large","max-video-preview":"max-video-preview:-1"},"canonical":"https:\/\/tgz-lahr.de\/fr\/petits-animaux-2\/","og_locale":"fr_FR","og_type":"article","og_title":"Infos pour les propri\u00e9taires d'animaux - Tiergesundheitszentrum Braun in Lahr","og_description":"Sur cette page, vous trouverez un aper\u00e7u des informations destin\u00e9es aux propri\u00e9taires d'animaux.","og_url":"https:\/\/tgz-lahr.de\/fr\/petits-animaux-2\/","og_site_name":"Tiergesundheitszentrum Braun in Lahr","article_modified_time":"2026-03-20T17:52:25+00:00","twitter_card":"summary_large_image","twitter_misc":{"Dur\u00e9e de lecture estim\u00e9e":"7 minutes"},"schema":{"@context":"https:\/\/schema.org","@graph":[{"@type":"WebPage","@id":"https:\/\/tgz-lahr.de\/fr\/petits-animaux-2\/","url":"https:\/\/tgz-lahr.de\/fr\/petits-animaux-2\/","name":"Infos pour les propri\u00e9taires d'animaux - Tiergesundheitszentrum Braun in Lahr","isPartOf":{"@id":"https:\/\/tgz-lahr.de\/#website"},"datePublished":"2026-03-18T16:32:13+00:00","dateModified":"2026-03-20T17:52:25+00:00","description":"Sur cette page, vous trouverez un aper\u00e7u des informations destin\u00e9es aux propri\u00e9taires d'animaux.","breadcrumb":{"@id":"https:\/\/tgz-lahr.de\/fr\/petits-animaux-2\/#breadcrumb"},"inLanguage":"fr-FR","potentialAction":[{"@type":"ReadAction","target":["https:\/\/tgz-lahr.de\/fr\/petits-animaux-2\/"]}]},{"@type":"BreadcrumbList","@id":"https:\/\/tgz-lahr.de\/fr\/petits-animaux-2\/#breadcrumb","itemListElement":[{"@type":"ListItem","position":1,"name":"Startseite","item":"https:\/\/tgz-lahr.de\/fr\/"},{"@type":"ListItem","position":2,"name":"Infos pour les propri\u00e9taires d&rsquo;animaux"}]},{"@type":"WebSite","@id":"https:\/\/tgz-lahr.de\/#website","url":"https:\/\/tgz-lahr.de\/","name":"Tiergesundheitszentrum Braun in Lahr","description":"","potentialAction":[{"@type":"SearchAction","target":{"@type":"EntryPoint","urlTemplate":"https:\/\/tgz-lahr.de\/?s={search_term_string}"},"query-input":{"@type":"PropertyValueSpecification","valueRequired":true,"valueName":"search_term_string"}}],"inLanguage":"fr-FR"}]}},"_links":{"self":[{"href":"https:\/\/tgz-lahr.de\/fr\/wp-json\/wp\/v2\/pages\/2971","targetHints":{"allow":["GET"]}}],"collection":[{"href":"https:\/\/tgz-lahr.de\/fr\/wp-json\/wp\/v2\/pages"}],"about":[{"href":"https:\/\/tgz-lahr.de\/fr\/wp-json\/wp\/v2\/types\/page"}],"author":[{"embeddable":true,"href":"https:\/\/tgz-lahr.de\/fr\/wp-json\/wp\/v2\/users\/6"}],"replies":[{"embeddable":true,"href":"https:\/\/tgz-lahr.de\/fr\/wp-json\/wp\/v2\/comments?post=2971"}],"version-history":[{"count":5,"href":"https:\/\/tgz-lahr.de\/fr\/wp-json\/wp\/v2\/pages\/2971\/revisions"}],"predecessor-version":[{"id":2991,"href":"https:\/\/tgz-lahr.de\/fr\/wp-json\/wp\/v2\/pages\/2971\/revisions\/2991"}],"wp:attachment":[{"href":"https:\/\/tgz-lahr.de\/fr\/wp-json\/wp\/v2\/media?parent=2971"}],"curies":[{"name":"wp","href":"https:\/\/api.w.org\/{rel}","templated":true}]}}